{"id":2617,"date":"2025-08-31T14:48:18","date_gmt":"2025-08-31T14:48:18","guid":{"rendered":"https:\/\/www.tunkinplay.com\/?post_type=product&#038;p=2617"},"modified":"2025-11-09T17:00:05","modified_gmt":"2025-11-09T17:00:05","slug":"maqueta-de-nariz","status":"publish","type":"product","link":"https:\/\/www.tunkinplay.com\/index.php\/producto\/maqueta-de-nariz\/","title":{"rendered":"Maqueta de Nariz"},"content":{"rendered":"<p>Es importante ense\u00f1ar a los ni\u00f1os y ni\u00f1as la funci\u00f3n de este \u00f3rgano en el sistema respiratorio y su cuidado, ya que nos permite:<\/p>\n<p>\u2022 Olfatear<br \/>\n\u2022 Respirar.<br \/>\n\u2022 Filtra el Polvo.<br \/>\n\u2022 Recepci\u00f3n y eliminaci\u00f3n de secreciones provenientes de senos paranasales y conductos nasolagrimales.<br \/>\n\u2022 Recoge y canaliza el aire o el agua.<\/p>\n<p>Medidas de Embalaje:<br \/>\nAncho 18cm; Largo 15cm; Alto 9cm; Peso 360g<\/p>\n<p><span style=\"font-size: 16px;\">Para ni\u00f1as y ni\u00f1os de 10+ a\u00f1os, 12+ a\u00f1os y no tan peques, 18+ a\u00f1os.<\/span><\/p>\n","protected":false},"excerpt":{"rendered":"<p><span style=\"font-size: 16px;\">Modelo anat\u00f3mico desmontable.<br \/>\nLa nariz es el \u00f3rgano del olfato y es la principal v\u00eda de acceso para la entrada y salida de aire de los pulmones. La nariz calienta, humedece y limpia el aire antes de que penetre en los pulmones. Los huesos de la cara alrededor de la nariz contienen unos espacios huecos (cavidades) denominados senos paranasales.<\/span><\/p>\n<p><span style=\"font-size: 16px;\">10+A\u00f1os. 12+A\u00f1os. No tan peques, 18+A\u00f1os.<\/span><\/p>\n<p>TP-<span data-sheets-root=\"1\">E-BYL GD0502<\/span><\/p>\n","protected":false},"featured_media":2618,"template":"","meta":{"_seopress_robots_primary_cat":"none","_seopress_titles_title":"Maqueta de Nariz","_seopress_titles_desc":"Maqueta de Nariz. Maqueta de nariz humana. Material did\u00e1ctico para comprender funciones del sistema respiratorio y su cuidado. Ideal desde los 10+ a\u00f1os.","_seopress_robots_index":"","site-sidebar-layout":"default","site-content-layout":"","ast-site-content-layout":"default","site-content-style":"default","site-sidebar-style":"default","ast-global-header-display":"","ast-banner-title-visibility":"","ast-main-header-display":"","ast-hfb-above-header-display":"","ast-hfb-below-header-display":"","ast-hfb-mobile-header-display":"","site-post-title":"","ast-breadcrumbs-content":"","ast-featured-img":"","footer-sml-layout":"","ast-disable-related-posts":"","theme-transparent-header-meta":"default","adv-header-id-meta":"","stick-header-meta":"","header-above-stick-meta":"","header-main-stick-meta":"","header-below-stick-meta":"","astra-migrate-meta-layouts":"set","ast-page-background-enabled":"default","ast-page-background-meta":{"desktop":{"background-color":"var(--ast-global-color-5)","background-image":"","background-repeat":"repeat","background-position":"center center","background-size":"auto","background-attachment":"scroll","background-type":"","background-media":"","overlay-type":"","overlay-color":"","overlay-opacity":"","overlay-gradient":""},"tablet":{"background-color":"","background-image":"","background-repeat":"repeat","background-position":"center center","background-size":"auto","background-attachment":"scroll","background-type":"","background-media":"","overlay-type":"","overlay-color":"","overlay-opacity":"","overlay-gradient":""},"mobile":{"background-color":"","background-image":"","background-repeat":"repeat","background-position":"center center","background-size":"auto","background-attachment":"scroll","background-type":"","background-media":"","overlay-type":"","overlay-color":"","overlay-opacity":"","overlay-gradient":""}},"ast-content-background-meta":{"desktop":{"background-color":"var(--ast-global-color-4)","background-image":"","background-repeat":"repeat","background-position":"center center","background-size":"auto","background-attachment":"scroll","background-type":"","background-media":"","overlay-type":"","overlay-color":"","overlay-opacity":"","overlay-gradient":""},"tablet":{"background-color":"var(--ast-global-color-4)","background-image":"","background-repeat":"repeat","background-position":"center center","background-size":"auto","background-attachment":"scroll","background-type":"","background-media":"","overlay-type":"","overlay-color":"","overlay-opacity":"","overlay-gradient":""},"mobile":{"background-color":"var(--ast-global-color-4)","background-image":"","background-repeat":"repeat","background-position":"center center","background-size":"auto","background-attachment":"scroll","background-type":"","background-media":"","overlay-type":"","overlay-color":"","overlay-opacity":"","overlay-gradient":""}},"_jet_sm_ready_style":"","_jet_sm_style":"","_jet_sm_controls_values":"","_jet_sm_fonts_collection":"","_jet_sm_fonts_links":""},"product_brand":[100],"product_cat":[47],"product_tag":[79,81,92],"class_list":{"0":"post-2617","1":"product","2":"type-product","3":"status-publish","4":"has-post-thumbnail","6":"product_brand-playwork","7":"product_cat-ciencias","8":"product_tag-10anos","9":"product_tag-12anos","10":"product_tag-18anos","11":"desktop-align-center","12":"tablet-align-left","13":"mobile-align-left","15":"first","16":"instock","17":"taxable","18":"shipping-taxable","19":"purchasable","20":"product-type-simple"},"jetpack_sharing_enabled":true,"_links":{"self":[{"href":"https:\/\/www.tunkinplay.com\/index.php\/wp-json\/wp\/v2\/product\/2617","targetHints":{"allow":["GET"]}}],"collection":[{"href":"https:\/\/www.tunkinplay.com\/index.php\/wp-json\/wp\/v2\/product"}],"about":[{"href":"https:\/\/www.tunkinplay.com\/index.php\/wp-json\/wp\/v2\/types\/product"}],"wp:featuredmedia":[{"embeddable":true,"href":"https:\/\/www.tunkinplay.com\/index.php\/wp-json\/wp\/v2\/media\/2618"}],"wp:attachment":[{"href":"https:\/\/www.tunkinplay.com\/index.php\/wp-json\/wp\/v2\/media?parent=2617"}],"wp:term":[{"taxonomy":"product_brand","embeddable":true,"href":"https:\/\/www.tunkinplay.com\/index.php\/wp-json\/wp\/v2\/product_brand?post=2617"},{"taxonomy":"product_cat","embeddable":true,"href":"https:\/\/www.tunkinplay.com\/index.php\/wp-json\/wp\/v2\/product_cat?post=2617"},{"taxonomy":"product_tag","embeddable":true,"href":"https:\/\/www.tunkinplay.com\/index.php\/wp-json\/wp\/v2\/product_tag?post=2617"}],"curies":[{"name":"wp","href":"https:\/\/api.w.org\/{rel}","templated":true}]}}