{"id":1719,"date":"2025-08-14T14:31:42","date_gmt":"2025-08-14T14:31:42","guid":{"rendered":"https:\/\/www.tunkinplay.com\/?post_type=product&#038;p=1719"},"modified":"2025-11-22T18:17:29","modified_gmt":"2025-11-22T18:17:29","slug":"sentido-de-la-vision-tablero-de-pared","status":"publish","type":"product","link":"https:\/\/www.tunkinplay.com\/index.php\/producto\/sentido-de-la-vision-tablero-de-pared\/","title":{"rendered":"Sentido de la Visi\u00f3n &#8211; Tablero de pared"},"content":{"rendered":"<p><span data-sheets-root=\"1\">\ud83c\udf08\ud83c\udf89\u00bfSabes qu\u00e9 es el sentido de la visi\u00f3n? Descubre sus propiedades gracias a este entretenido tablero de pared.<\/span><\/p>\n<p><span data-sheets-root=\"1\">\ud83d\udcccEste tablero de aprendizaje explica c\u00f3mo usamos nuestros ojos para obtener conocimiento del mundo que nos rodea, como los colores, el brillo y las formas de los objetos. <\/span><\/p>\n<p><span data-sheets-root=\"1\">\ud83d\udca1Cuando los ni\u00f1os toquen el \u00e1rbol del lado izquierdo del panel, se encender\u00e1n una serie de cajas de luz para mostrar c\u00f3mo la luz atraviesa el cristalino y llega a la retina dentro del ojo. <\/span><\/p>\n<p><span data-sheets-root=\"1\">\ud83d\udca5La imagen se convertir\u00e1 entonces en se\u00f1ales que llegar\u00e1n al cerebro y ser\u00e1n percibidas como VISTA. <\/span><\/p>\n<p><span data-sheets-root=\"1\">\ud83d\udca5Los diagramas en la esquina inferior izquierda les dicen a los ni\u00f1os que los ojos humanos pueden identificar formas, brillo y colores. <\/span><\/p>\n<p><span data-sheets-root=\"1\">\u270c\ufe0fTambi\u00e9n permite ense\u00f1ar c\u00f3mo proteger el sentido de la vista.<\/span><\/p>\n<p><span data-sheets-root=\"1\"> \ud83d\udc40Por ejemplo, \u00abNo mire pantallas durante largas horas\u00bb, \u00abUse gafas protectoras cuando manipule materiales corrosivos\u00bb, Mantenga los ojos alejados de herramientas afiladas\u00bb, etc.<\/span><\/p>\n<p><span data-sheets-root=\"1\">\ud83d\udcccProducto utiliza 4 pilas AA (no incluidas).<\/span><\/p>\n<p><span data-sheets-root=\"1\">Contiene: \ud83c\udf1f1 tablero de pared de 46 x 46 x 5,1 cm. aprox<\/span><\/p>\n<p>No incluye soporte.<\/p>\n<p>Para ni\u00f1as y ni\u00f1os de 4+ a\u00f1os.<\/p>\n","protected":false},"excerpt":{"rendered":"<p><span data-sheets-root=\"1\">\u00bfSabes qu\u00e9 es el sentido de la visi\u00f3n? <\/span><\/p>\n<p><span data-sheets-root=\"1\">Descubre sus propiedades gracias a este entretenido tablero de pared, para descubrir <\/span><span data-sheets-root=\"1\">c\u00f3mo usamos nuestros ojos para obtener conocimiento del mundo que nos rodea, como los colores, el brillo y las formas de los objetos. <\/span><\/p>\n<p>4+ A\u00f1os.<\/p>\n<p>TP-<span data-sheets-root=\"1\">ME15808<\/span><\/p>\n","protected":false},"featured_media":3040,"template":"","meta":{"_seopress_robots_primary_cat":"none","_seopress_titles_title":"Sentido de la Visi\u00f3n \u2013 tablero de pared","_seopress_titles_desc":"Sentido de la Visi\u00f3n \u2013 tablero de pared: muestra c\u00f3mo vemos y c\u00f3mo cuidar la vista con luces y explicaciones interactivas. Ideal desde los 4 a\u00f1os.","_seopress_robots_index":"","site-sidebar-layout":"default","site-content-layout":"","ast-site-content-layout":"default","site-content-style":"default","site-sidebar-style":"default","ast-global-header-display":"","ast-banner-title-visibility":"","ast-main-header-display":"","ast-hfb-above-header-display":"","ast-hfb-below-header-display":"","ast-hfb-mobile-header-display":"","site-post-title":"","ast-breadcrumbs-content":"","ast-featured-img":"","footer-sml-layout":"","ast-disable-related-posts":"","theme-transparent-header-meta":"default","adv-header-id-meta":"","stick-header-meta":"","header-above-stick-meta":"","header-main-stick-meta":"","header-below-stick-meta":"","astra-migrate-meta-layouts":"set","ast-page-background-enabled":"default","ast-page-background-meta":{"desktop":{"background-color":"var(--ast-global-color-5)","background-image":"","background-repeat":"repeat","background-position":"center center","background-size":"auto","background-attachment":"scroll","background-type":"","background-media":"","overlay-type":"","overlay-color":"","overlay-opacity":"","overlay-gradient":""},"tablet":{"background-color":"","background-image":"","background-repeat":"repeat","background-position":"center center","background-size":"auto","background-attachment":"scroll","background-type":"","background-media":"","overlay-type":"","overlay-color":"","overlay-opacity":"","overlay-gradient":""},"mobile":{"background-color":"","background-image":"","background-repeat":"repeat","background-position":"center center","background-size":"auto","background-attachment":"scroll","background-type":"","background-media":"","overlay-type":"","overlay-color":"","overlay-opacity":"","overlay-gradient":""}},"ast-content-background-meta":{"desktop":{"background-color":"var(--ast-global-color-4)","background-image":"","background-repeat":"repeat","background-position":"center center","background-size":"auto","background-attachment":"scroll","background-type":"","background-media":"","overlay-type":"","overlay-color":"","overlay-opacity":"","overlay-gradient":""},"tablet":{"background-color":"var(--ast-global-color-4)","background-image":"","background-repeat":"repeat","background-position":"center center","background-size":"auto","background-attachment":"scroll","background-type":"","background-media":"","overlay-type":"","overlay-color":"","overlay-opacity":"","overlay-gradient":""},"mobile":{"background-color":"var(--ast-global-color-4)","background-image":"","background-repeat":"repeat","background-position":"center center","background-size":"auto","background-attachment":"scroll","background-type":"","background-media":"","overlay-type":"","overlay-color":"","overlay-opacity":"","overlay-gradient":""}},"_jet_sm_ready_style":"","_jet_sm_style":"","_jet_sm_controls_values":"","_jet_sm_fonts_collection":"","_jet_sm_fonts_links":""},"product_brand":[93],"product_cat":[47,95,108],"product_tag":[73],"class_list":{"0":"post-1719","1":"product","2":"type-product","3":"status-publish","4":"has-post-thumbnail","6":"product_brand-masterkidz","7":"product_cat-ciencias","8":"product_cat-mobiliario","9":"product_cat-montessori","10":"product_tag-4anos","11":"desktop-align-center","12":"tablet-align-left","13":"mobile-align-left","15":"first","16":"instock","17":"taxable","18":"shipping-taxable","19":"purchasable","20":"product-type-simple"},"jetpack_sharing_enabled":true,"_links":{"self":[{"href":"https:\/\/www.tunkinplay.com\/index.php\/wp-json\/wp\/v2\/product\/1719","targetHints":{"allow":["GET"]}}],"collection":[{"href":"https:\/\/www.tunkinplay.com\/index.php\/wp-json\/wp\/v2\/product"}],"about":[{"href":"https:\/\/www.tunkinplay.com\/index.php\/wp-json\/wp\/v2\/types\/product"}],"wp:featuredmedia":[{"embeddable":true,"href":"https:\/\/www.tunkinplay.com\/index.php\/wp-json\/wp\/v2\/media\/3040"}],"wp:attachment":[{"href":"https:\/\/www.tunkinplay.com\/index.php\/wp-json\/wp\/v2\/media?parent=1719"}],"wp:term":[{"taxonomy":"product_brand","embeddable":true,"href":"https:\/\/www.tunkinplay.com\/index.php\/wp-json\/wp\/v2\/product_brand?post=1719"},{"taxonomy":"product_cat","embeddable":true,"href":"https:\/\/www.tunkinplay.com\/index.php\/wp-json\/wp\/v2\/product_cat?post=1719"},{"taxonomy":"product_tag","embeddable":true,"href":"https:\/\/www.tunkinplay.com\/index.php\/wp-json\/wp\/v2\/product_tag?post=1719"}],"curies":[{"name":"wp","href":"https:\/\/api.w.org\/{rel}","templated":true}]}}