{"id":1708,"date":"2025-08-14T14:23:27","date_gmt":"2025-08-14T14:23:27","guid":{"rendered":"https:\/\/www.tunkinplay.com\/?post_type=product&#038;p=1708"},"modified":"2025-11-22T18:32:24","modified_gmt":"2025-11-22T18:32:24","slug":"experimento-energia-electrica-tablero-de-pared","status":"publish","type":"product","link":"https:\/\/www.tunkinplay.com\/index.php\/producto\/experimento-energia-electrica-tablero-de-pared\/","title":{"rendered":"Experimento Energ\u00eda El\u00e9ctrica &#8211; Tablero de pared"},"content":{"rendered":"<p><span data-sheets-root=\"1\">\ud83c\udf08\ud83c\udf89\u00a1Aprende sobre energ\u00eda el\u00e9ctrica y conductividad gracias a este funcional tablero de pared! <\/span><\/p>\n<p><span data-sheets-root=\"1\">\ud83d\udca1La electricidad es la fuente de energ\u00eda m\u00e1s vers\u00e1til que tenemos. Las luces, los ventiladores, los computadores y la mayor\u00eda de los dem\u00e1s aparatos el\u00e9ctricos funcionan con corriente el\u00e9ctrica. <\/span><\/p>\n<p><span data-sheets-root=\"1\">\ud83d\udca1Para que ocurra una corriente el\u00e9ctrica, debe haber un circuito. <\/span><\/p>\n<p><span data-sheets-root=\"1\">\u261d\ufe0fUn circuito es un camino cerrado alrededor del cual fluye una corriente el\u00e9ctrica. <\/span><\/p>\n<p><span data-sheets-root=\"1\">\u261d\ufe0fEste panel de pared Experimento de Conductividad viene con 2 circuitos el\u00e9ctricos. <\/span><\/p>\n<p><span data-sheets-root=\"1\">\u270c\ufe0fEl circuito de la parte superior sigue siendo un circuito abierto que requiere que los ni\u00f1os lo conviertan en un circuito cerrado presionando uno de los 4 botones. Cada bot\u00f3n representa 1 tipo de material de diferente conductividad. Si se elige pl\u00e1stico o teja, la luz no se encender\u00e1 porque la corriente el\u00e9ctrica no puede pasar a trav\u00e9s de los materiales aislantes. <\/span><\/p>\n<p><span data-sheets-root=\"1\">\u270c\ufe0fOtro circuito es tambi\u00e9n un circuito abierto. Se les pedir\u00e1 a los ni\u00f1os que usen sus cuerpos como conectores para convertirlo en un circuito cerrado. Cuando un ni\u00f1o ponga ambas manos en el panel, \u00a1la luz se encender\u00e1! <\/span><\/p>\n<p><span data-sheets-root=\"1\">\ud83d\ude03Los ni\u00f1os se sorprender\u00e1n con este fen\u00f3meno. Ense\u00f1arles que los cuerpos humanos son conductores el\u00e9ctricos no puede ser m\u00e1s f\u00e1cil.<\/span><\/p>\n<p><span data-sheets-root=\"1\">\ud83d\udcccProducto utiliza 4 pilas AA (no incluidas).<\/span><\/p>\n<p><span data-sheets-root=\"1\">Contiene: \ud83c\udf1f1 tablero de pared de 46 x 46 x 3,8 cm. aprox.\ud83c\udf1f4 pernos \ud83c\udf1f 4 embellecedores. <\/span><\/p>\n<p>No incluye soporte.<\/p>\n<p>Para ni\u00f1os y ni\u00f1as de 3+ a\u00f1os.<\/p>\n","protected":false},"excerpt":{"rendered":"<p><span data-sheets-root=\"1\">\u00a1Aprende sobre energ\u00eda el\u00e9ctrica y conductividad gracias a este funcional tablero de pared! <\/span><\/p>\n<p><span data-sheets-root=\"1\">La electricidad es la fuente de energ\u00eda m\u00e1s vers\u00e1til que tenemos. Las luces, los ventiladores, los computadores y la mayor\u00eda de los dem\u00e1s aparatos el\u00e9ctricos funcionan con corriente el\u00e9ctrica. <\/span><\/p>\n<p><span data-sheets-root=\"1\">Este panel de pared Experimento de Conductividad viene con 2 circuitos el\u00e9ctricos. <\/span><\/p>\n<p>3+ A\u00f1os.<\/p>\n<p>TP-<span data-sheets-root=\"1\">ME15518<\/span><\/p>\n","protected":false},"featured_media":3047,"template":"","meta":{"_seopress_robots_primary_cat":"none","_seopress_titles_title":"Experimento Energ\u00eda El\u00e9ctrica \u2013 tablero de pared","_seopress_titles_desc":"Experimento Energ\u00eda El\u00e9ctrica \u2013 tablero de pared: aprende sobre circuitos y conductividad con pruebas interactivas y luces. Ideal desde los 3 a\u00f1os.","_seopress_robots_index":"","site-sidebar-layout":"default","site-content-layout":"","ast-site-content-layout":"default","site-content-style":"default","site-sidebar-style":"default","ast-global-header-display":"","ast-banner-title-visibility":"","ast-main-header-display":"","ast-hfb-above-header-display":"","ast-hfb-below-header-display":"","ast-hfb-mobile-header-display":"","site-post-title":"","ast-breadcrumbs-content":"","ast-featured-img":"","footer-sml-layout":"","ast-disable-related-posts":"","theme-transparent-header-meta":"default","adv-header-id-meta":"","stick-header-meta":"","header-above-stick-meta":"","header-main-stick-meta":"","header-below-stick-meta":"","astra-migrate-meta-layouts":"set","ast-page-background-enabled":"default","ast-page-background-meta":{"desktop":{"background-color":"var(--ast-global-color-5)","background-image":"","background-repeat":"repeat","background-position":"center center","background-size":"auto","background-attachment":"scroll","background-type":"","background-media":"","overlay-type":"","overlay-color":"","overlay-opacity":"","overlay-gradient":""},"tablet":{"background-color":"","background-image":"","background-repeat":"repeat","background-position":"center center","background-size":"auto","background-attachment":"scroll","background-type":"","background-media":"","overlay-type":"","overlay-color":"","overlay-opacity":"","overlay-gradient":""},"mobile":{"background-color":"","background-image":"","background-repeat":"repeat","background-position":"center center","background-size":"auto","background-attachment":"scroll","background-type":"","background-media":"","overlay-type":"","overlay-color":"","overlay-opacity":"","overlay-gradient":""}},"ast-content-background-meta":{"desktop":{"background-color":"var(--ast-global-color-4)","background-image":"","background-repeat":"repeat","background-position":"center center","background-size":"auto","background-attachment":"scroll","background-type":"","background-media":"","overlay-type":"","overlay-color":"","overlay-opacity":"","overlay-gradient":""},"tablet":{"background-color":"var(--ast-global-color-4)","background-image":"","background-repeat":"repeat","background-position":"center center","background-size":"auto","background-attachment":"scroll","background-type":"","background-media":"","overlay-type":"","overlay-color":"","overlay-opacity":"","overlay-gradient":""},"mobile":{"background-color":"var(--ast-global-color-4)","background-image":"","background-repeat":"repeat","background-position":"center center","background-size":"auto","background-attachment":"scroll","background-type":"","background-media":"","overlay-type":"","overlay-color":"","overlay-opacity":"","overlay-gradient":""}},"_jet_sm_ready_style":"","_jet_sm_style":"","_jet_sm_controls_values":"","_jet_sm_fonts_collection":"","_jet_sm_fonts_links":""},"product_brand":[93],"product_cat":[47,95,108],"product_tag":[72],"class_list":{"0":"post-1708","1":"product","2":"type-product","3":"status-publish","4":"has-post-thumbnail","6":"product_brand-masterkidz","7":"product_cat-ciencias","8":"product_cat-mobiliario","9":"product_cat-montessori","10":"product_tag-3anos","11":"desktop-align-center","12":"tablet-align-left","13":"mobile-align-left","15":"first","16":"instock","17":"taxable","18":"shipping-taxable","19":"purchasable","20":"product-type-simple"},"jetpack_sharing_enabled":true,"_links":{"self":[{"href":"https:\/\/www.tunkinplay.com\/index.php\/wp-json\/wp\/v2\/product\/1708","targetHints":{"allow":["GET"]}}],"collection":[{"href":"https:\/\/www.tunkinplay.com\/index.php\/wp-json\/wp\/v2\/product"}],"about":[{"href":"https:\/\/www.tunkinplay.com\/index.php\/wp-json\/wp\/v2\/types\/product"}],"wp:featuredmedia":[{"embeddable":true,"href":"https:\/\/www.tunkinplay.com\/index.php\/wp-json\/wp\/v2\/media\/3047"}],"wp:attachment":[{"href":"https:\/\/www.tunkinplay.com\/index.php\/wp-json\/wp\/v2\/media?parent=1708"}],"wp:term":[{"taxonomy":"product_brand","embeddable":true,"href":"https:\/\/www.tunkinplay.com\/index.php\/wp-json\/wp\/v2\/product_brand?post=1708"},{"taxonomy":"product_cat","embeddable":true,"href":"https:\/\/www.tunkinplay.com\/index.php\/wp-json\/wp\/v2\/product_cat?post=1708"},{"taxonomy":"product_tag","embeddable":true,"href":"https:\/\/www.tunkinplay.com\/index.php\/wp-json\/wp\/v2\/product_tag?post=1708"}],"curies":[{"name":"wp","href":"https:\/\/api.w.org\/{rel}","templated":true}]}}