{"id":1674,"date":"2025-08-14T13:36:53","date_gmt":"2025-08-14T13:36:53","guid":{"rendered":"https:\/\/www.tunkinplay.com\/?post_type=product&#038;p=1674"},"modified":"2025-11-22T18:23:53","modified_gmt":"2025-11-22T18:23:53","slug":"cuenta-dedos-tablero-de-pared","status":"publish","type":"product","link":"https:\/\/www.tunkinplay.com\/index.php\/producto\/cuenta-dedos-tablero-de-pared\/","title":{"rendered":"Cuenta Dedos &#8211; Tablero de Pared"},"content":{"rendered":"<p><span data-sheets-root=\"1\">\ud83c\udf08\ud83c\udf89Ense\u00f1a a contar de manera divertida a los ni\u00f1os con el tablero de Pared &#8211; Cuenta Dedos MasterKidz <\/span><\/p>\n<p><span data-sheets-root=\"1\">\u270c\ufe0fUsando el tablero de conteo de dedos, los ni\u00f1os pueden observar la similitud entre sus manos y las manos y los dedos en el tablero<\/span><\/p>\n<p><span data-sheets-root=\"1\">\ud83d\udca5Cada dedo tiene una bisagra, por lo que se puede voltear para contar hacia arriba, hacia abajo.<\/span><\/p>\n<p><span data-sheets-root=\"1\">\ud83d\udca1Tambi\u00e9n se puede reforzar el v\u00ednculo entre n\u00fameros y cantidad.<\/span><\/p>\n<p><span data-sheets-root=\"1\">Contiene: \ud83c\udf1f1 tablero de 46 x 46 cm. aprox. m\u00e1s un rotafolio. \ud83c\udf1f4 pernos y 4 embellecedores.<\/span><\/p>\n<p>No incluye soporte.<\/p>\n<p>Para ni\u00f1as y ni\u00f1os de 3+ a\u00f1os.<\/p>\n","protected":false},"excerpt":{"rendered":"<p><span data-sheets-root=\"1\">Ense\u00f1a a contar de manera divertida a los ni\u00f1os con el tablero de Pared &#8211; Cuenta Dedos.<\/span><\/p>\n<p><span data-sheets-root=\"1\">Dedos con bisagra, para contar hacia arriba, hacia abajo.<\/span><\/p>\n<p>3+ A\u00f1os.<\/p>\n<p>TP-<span data-sheets-root=\"1\">ME09524<\/span><\/p>\n","protected":false},"featured_media":3081,"template":"","meta":{"_seopress_robots_primary_cat":"none","_seopress_titles_title":"Tablero de pared Cuenta Dedos","_seopress_titles_desc":"Tablero de pared Cuenta Dedos: ense\u00f1a a contar asociando dedos y n\u00fameros de forma visual y divertida. Ideal para ni\u00f1os desde los 3 a\u00f1os.","_seopress_robots_index":"","site-sidebar-layout":"default","site-content-layout":"","ast-site-content-layout":"default","site-content-style":"default","site-sidebar-style":"default","ast-global-header-display":"","ast-banner-title-visibility":"","ast-main-header-display":"","ast-hfb-above-header-display":"","ast-hfb-below-header-display":"","ast-hfb-mobile-header-display":"","site-post-title":"","ast-breadcrumbs-content":"","ast-featured-img":"","footer-sml-layout":"","ast-disable-related-posts":"","theme-transparent-header-meta":"default","adv-header-id-meta":"","stick-header-meta":"","header-above-stick-meta":"","header-main-stick-meta":"","header-below-stick-meta":"","astra-migrate-meta-layouts":"set","ast-page-background-enabled":"default","ast-page-background-meta":{"desktop":{"background-color":"var(--ast-global-color-5)","background-image":"","background-repeat":"repeat","background-position":"center center","background-size":"auto","background-attachment":"scroll","background-type":"","background-media":"","overlay-type":"","overlay-color":"","overlay-opacity":"","overlay-gradient":""},"tablet":{"background-color":"","background-image":"","background-repeat":"repeat","background-position":"center center","background-size":"auto","background-attachment":"scroll","background-type":"","background-media":"","overlay-type":"","overlay-color":"","overlay-opacity":"","overlay-gradient":""},"mobile":{"background-color":"","background-image":"","background-repeat":"repeat","background-position":"center center","background-size":"auto","background-attachment":"scroll","background-type":"","background-media":"","overlay-type":"","overlay-color":"","overlay-opacity":"","overlay-gradient":""}},"ast-content-background-meta":{"desktop":{"background-color":"var(--ast-global-color-4)","background-image":"","background-repeat":"repeat","background-position":"center center","background-size":"auto","background-attachment":"scroll","background-type":"","background-media":"","overlay-type":"","overlay-color":"","overlay-opacity":"","overlay-gradient":""},"tablet":{"background-color":"var(--ast-global-color-4)","background-image":"","background-repeat":"repeat","background-position":"center center","background-size":"auto","background-attachment":"scroll","background-type":"","background-media":"","overlay-type":"","overlay-color":"","overlay-opacity":"","overlay-gradient":""},"mobile":{"background-color":"var(--ast-global-color-4)","background-image":"","background-repeat":"repeat","background-position":"center center","background-size":"auto","background-attachment":"scroll","background-type":"","background-media":"","overlay-type":"","overlay-color":"","overlay-opacity":"","overlay-gradient":""}},"_jet_sm_ready_style":"","_jet_sm_style":"","_jet_sm_controls_values":"","_jet_sm_fonts_collection":"","_jet_sm_fonts_links":""},"product_brand":[93],"product_cat":[46,95,108,21],"product_tag":[72],"class_list":{"0":"post-1674","1":"product","2":"type-product","3":"status-publish","4":"has-post-thumbnail","6":"product_brand-masterkidz","7":"product_cat-matematicas","8":"product_cat-mobiliario","9":"product_cat-montessori","10":"product_cat-pensamiento-logico","11":"product_tag-3anos","12":"desktop-align-center","13":"tablet-align-left","14":"mobile-align-left","16":"first","17":"instock","18":"taxable","19":"shipping-taxable","20":"purchasable","21":"product-type-simple"},"jetpack_sharing_enabled":true,"_links":{"self":[{"href":"https:\/\/www.tunkinplay.com\/index.php\/wp-json\/wp\/v2\/product\/1674","targetHints":{"allow":["GET"]}}],"collection":[{"href":"https:\/\/www.tunkinplay.com\/index.php\/wp-json\/wp\/v2\/product"}],"about":[{"href":"https:\/\/www.tunkinplay.com\/index.php\/wp-json\/wp\/v2\/types\/product"}],"wp:featuredmedia":[{"embeddable":true,"href":"https:\/\/www.tunkinplay.com\/index.php\/wp-json\/wp\/v2\/media\/3081"}],"wp:attachment":[{"href":"https:\/\/www.tunkinplay.com\/index.php\/wp-json\/wp\/v2\/media?parent=1674"}],"wp:term":[{"taxonomy":"product_brand","embeddable":true,"href":"https:\/\/www.tunkinplay.com\/index.php\/wp-json\/wp\/v2\/product_brand?post=1674"},{"taxonomy":"product_cat","embeddable":true,"href":"https:\/\/www.tunkinplay.com\/index.php\/wp-json\/wp\/v2\/product_cat?post=1674"},{"taxonomy":"product_tag","embeddable":true,"href":"https:\/\/www.tunkinplay.com\/index.php\/wp-json\/wp\/v2\/product_tag?post=1674"}],"curies":[{"name":"wp","href":"https:\/\/api.w.org\/{rel}","templated":true}]}}