{"id":1661,"date":"2025-08-14T11:42:07","date_gmt":"2025-08-14T11:42:07","guid":{"rendered":"https:\/\/www.tunkinplay.com\/?post_type=product&#038;p=1661"},"modified":"2025-09-16T11:13:14","modified_gmt":"2025-09-16T11:13:14","slug":"laberinto-pared-habilidad-motora","status":"publish","type":"product","link":"https:\/\/www.tunkinplay.com\/index.php\/producto\/laberinto-pared-habilidad-motora\/","title":{"rendered":"Laberinto Pared Habilidad Motora"},"content":{"rendered":"<p><span data-sheets-root=\"1\">\ud83c\udf08\ud83c\udf89Jugar y desarrollar la motricidad fina es posible con el Laberinto Pared Habilidad Motora.<\/span><\/p>\n<p><span data-sheets-root=\"1\">\ud83d\udc40\u270bDesliza las clavijas de lado a lado y potencia tu motricidad fina y el reconocimiento del color mientras juegas con este divertido Laberinto de Pared Habilidad Motora.<\/span><\/p>\n<p><span data-sheets-root=\"1\">Contiene: \ud83c\udf1f1 tablero de madera de 46 x 46 cm. aprox.<\/span><\/p>\n<p>No incluye soporte.<\/p>\n<p>Para ni\u00f1as y ni\u00f1os de 2+ a\u00f1os.<\/p>\n","protected":false},"excerpt":{"rendered":"<p><span data-sheets-root=\"1\">Desliza las clavijas de lado a lado para reconocer los colores. <\/span><\/p>\n<p>2+ A\u00f1os.<\/p>\n<p>TP-<span data-sheets-root=\"1\">ME03713<\/span><\/p>\n","protected":false},"featured_media":3086,"template":"","meta":{"_seopress_robots_primary_cat":"none","_seopress_titles_title":"Laberinto de pared habilidad motora","_seopress_titles_desc":"Laberinto de pared habilidad motora: desliza clavijas y desarrolla motricidad fina y reconocimiento de colores. Ideal desde los 2 a\u00f1os.","_seopress_robots_index":"","site-sidebar-layout":"default","site-content-layout":"","ast-site-content-layout":"default","site-content-style":"default","site-sidebar-style":"default","ast-global-header-display":"","ast-banner-title-visibility":"","ast-main-header-display":"","ast-hfb-above-header-display":"","ast-hfb-below-header-display":"","ast-hfb-mobile-header-display":"","site-post-title":"","ast-breadcrumbs-content":"","ast-featured-img":"","footer-sml-layout":"","ast-disable-related-posts":"","theme-transparent-header-meta":"default","adv-header-id-meta":"","stick-header-meta":"","header-above-stick-meta":"","header-main-stick-meta":"","header-below-stick-meta":"","astra-migrate-meta-layouts":"set","ast-page-background-enabled":"default","ast-page-background-meta":{"desktop":{"background-color":"var(--ast-global-color-5)","background-image":"","background-repeat":"repeat","background-position":"center center","background-size":"auto","background-attachment":"scroll","background-type":"","background-media":"","overlay-type":"","overlay-color":"","overlay-opacity":"","overlay-gradient":""},"tablet":{"background-color":"","background-image":"","background-repeat":"repeat","background-position":"center center","background-size":"auto","background-attachment":"scroll","background-type":"","background-media":"","overlay-type":"","overlay-color":"","overlay-opacity":"","overlay-gradient":""},"mobile":{"background-color":"","background-image":"","background-repeat":"repeat","background-position":"center center","background-size":"auto","background-attachment":"scroll","background-type":"","background-media":"","overlay-type":"","overlay-color":"","overlay-opacity":"","overlay-gradient":""}},"ast-content-background-meta":{"desktop":{"background-color":"var(--ast-global-color-4)","background-image":"","background-repeat":"repeat","background-position":"center center","background-size":"auto","background-attachment":"scroll","background-type":"","background-media":"","overlay-type":"","overlay-color":"","overlay-opacity":"","overlay-gradient":""},"tablet":{"background-color":"var(--ast-global-color-4)","background-image":"","background-repeat":"repeat","background-position":"center center","background-size":"auto","background-attachment":"scroll","background-type":"","background-media":"","overlay-type":"","overlay-color":"","overlay-opacity":"","overlay-gradient":""},"mobile":{"background-color":"var(--ast-global-color-4)","background-image":"","background-repeat":"repeat","background-position":"center center","background-size":"auto","background-attachment":"scroll","background-type":"","background-media":"","overlay-type":"","overlay-color":"","overlay-opacity":"","overlay-gradient":""}},"_jet_sm_ready_style":"","_jet_sm_style":"","_jet_sm_controls_values":"","_jet_sm_fonts_collection":"","_jet_sm_fonts_links":""},"product_brand":[93],"product_cat":[95,20],"product_tag":[71],"class_list":{"0":"post-1661","1":"product","2":"type-product","3":"status-publish","4":"has-post-thumbnail","6":"product_brand-masterkidz","7":"product_cat-mobiliario","8":"product_cat-motricidad-fina","9":"product_tag-2anos","10":"desktop-align-center","11":"tablet-align-left","12":"mobile-align-left","14":"first","15":"instock","16":"taxable","17":"shipping-taxable","18":"purchasable","19":"product-type-simple"},"jetpack_sharing_enabled":true,"_links":{"self":[{"href":"https:\/\/www.tunkinplay.com\/index.php\/wp-json\/wp\/v2\/product\/1661","targetHints":{"allow":["GET"]}}],"collection":[{"href":"https:\/\/www.tunkinplay.com\/index.php\/wp-json\/wp\/v2\/product"}],"about":[{"href":"https:\/\/www.tunkinplay.com\/index.php\/wp-json\/wp\/v2\/types\/product"}],"wp:featuredmedia":[{"embeddable":true,"href":"https:\/\/www.tunkinplay.com\/index.php\/wp-json\/wp\/v2\/media\/3086"}],"wp:attachment":[{"href":"https:\/\/www.tunkinplay.com\/index.php\/wp-json\/wp\/v2\/media?parent=1661"}],"wp:term":[{"taxonomy":"product_brand","embeddable":true,"href":"https:\/\/www.tunkinplay.com\/index.php\/wp-json\/wp\/v2\/product_brand?post=1661"},{"taxonomy":"product_cat","embeddable":true,"href":"https:\/\/www.tunkinplay.com\/index.php\/wp-json\/wp\/v2\/product_cat?post=1661"},{"taxonomy":"product_tag","embeddable":true,"href":"https:\/\/www.tunkinplay.com\/index.php\/wp-json\/wp\/v2\/product_tag?post=1661"}],"curies":[{"name":"wp","href":"https:\/\/api.w.org\/{rel}","templated":true}]}}