{"id":1649,"date":"2025-08-14T11:26:17","date_gmt":"2025-08-14T11:26:17","guid":{"rendered":"https:\/\/www.tunkinplay.com\/?post_type=product&#038;p=1649"},"modified":"2025-09-16T14:11:59","modified_gmt":"2025-09-16T14:11:59","slug":"encaje-por-capas-del-cuerpo-humano","status":"publish","type":"product","link":"https:\/\/www.tunkinplay.com\/index.php\/producto\/encaje-por-capas-del-cuerpo-humano\/","title":{"rendered":"Encaje por Capas del Cuerpo Humano"},"content":{"rendered":"<p><span data-sheets-root=\"1\">\ud83c\udf08\ud83c\udf89Aprende sobre el cuerpo humano con este entretenido encaje por capas.<\/span><\/p>\n<p><span data-sheets-root=\"1\">\ud83d\udc67\ud83e\uddd2Tablero de aprendizaje multifunci\u00f3n del cuerpo humano compuesto por un ni\u00f1o y una ni\u00f1a.<\/span><\/p>\n<p><span data-sheets-root=\"1\">\ud83d\udca1Su objetivo es introducir a los ni\u00f1os los conceptos b\u00e1sicos del cuerpo humano.<\/span><\/p>\n<p><span data-sheets-root=\"1\">\ud83d\udcccAbarca los 4 temas: piel, \u00f3rganos, m\u00fasculos y esqueleto.<\/span><\/p>\n<p><span data-sheets-root=\"1\">Contiene: \ud83c\udf1f6 piezas de madera m\u00e1s base de 28 x 28 cm. aprox. <\/span><\/p>\n<p>Para ni\u00f1as y ni\u00f1os de 4+ a\u00f1os.<\/p>\n","protected":false},"excerpt":{"rendered":"<p><span data-sheets-root=\"1\">Aprende sobre el cuerpo humano con este entretenido encaje por capas.<\/span><\/p>\n<p><span data-sheets-root=\"1\">Tablero de aprendizaje multifunci\u00f3n del cuerpo humano compuesto por un ni\u00f1o y una ni\u00f1a.<\/span><\/p>\n<p><span data-sheets-root=\"1\">Abarca los 4 temas: piel, \u00f3rganos, m\u00fasculos y esqueleto.<\/span><\/p>\n<p>4+ A\u00f1os.<\/p>\n<p>TP-<span data-sheets-root=\"1\">MK15037<\/span><\/p>\n","protected":false},"featured_media":3098,"template":"","meta":{"_seopress_robots_primary_cat":"none","_seopress_titles_title":"Encaje por capas del cuerpo humano","_seopress_titles_desc":"Encaje por capas del cuerpo humano: ense\u00f1a piel, \u00f3rganos, m\u00fasculos y esqueleto de forma divertida y visual. Ideal para ni\u00f1os desde los 4 a\u00f1os.","_seopress_robots_index":"","site-sidebar-layout":"default","site-content-layout":"","ast-site-content-layout":"default","site-content-style":"default","site-sidebar-style":"default","ast-global-header-display":"","ast-banner-title-visibility":"","ast-main-header-display":"","ast-hfb-above-header-display":"","ast-hfb-below-header-display":"","ast-hfb-mobile-header-display":"","site-post-title":"","ast-breadcrumbs-content":"","ast-featured-img":"","footer-sml-layout":"","ast-disable-related-posts":"","theme-transparent-header-meta":"default","adv-header-id-meta":"","stick-header-meta":"","header-above-stick-meta":"","header-main-stick-meta":"","header-below-stick-meta":"","astra-migrate-meta-layouts":"set","ast-page-background-enabled":"default","ast-page-background-meta":{"desktop":{"background-color":"var(--ast-global-color-5)","background-image":"","background-repeat":"repeat","background-position":"center center","background-size":"auto","background-attachment":"scroll","background-type":"","background-media":"","overlay-type":"","overlay-color":"","overlay-opacity":"","overlay-gradient":""},"tablet":{"background-color":"","background-image":"","background-repeat":"repeat","background-position":"center center","background-size":"auto","background-attachment":"scroll","background-type":"","background-media":"","overlay-type":"","overlay-color":"","overlay-opacity":"","overlay-gradient":""},"mobile":{"background-color":"","background-image":"","background-repeat":"repeat","background-position":"center center","background-size":"auto","background-attachment":"scroll","background-type":"","background-media":"","overlay-type":"","overlay-color":"","overlay-opacity":"","overlay-gradient":""}},"ast-content-background-meta":{"desktop":{"background-color":"var(--ast-global-color-4)","background-image":"","background-repeat":"repeat","background-position":"center center","background-size":"auto","background-attachment":"scroll","background-type":"","background-media":"","overlay-type":"","overlay-color":"","overlay-opacity":"","overlay-gradient":""},"tablet":{"background-color":"var(--ast-global-color-4)","background-image":"","background-repeat":"repeat","background-position":"center center","background-size":"auto","background-attachment":"scroll","background-type":"","background-media":"","overlay-type":"","overlay-color":"","overlay-opacity":"","overlay-gradient":""},"mobile":{"background-color":"var(--ast-global-color-4)","background-image":"","background-repeat":"repeat","background-position":"center center","background-size":"auto","background-attachment":"scroll","background-type":"","background-media":"","overlay-type":"","overlay-color":"","overlay-opacity":"","overlay-gradient":""}},"_jet_sm_ready_style":"","_jet_sm_style":"","_jet_sm_controls_values":"","_jet_sm_fonts_collection":"","_jet_sm_fonts_links":""},"product_brand":[93],"product_cat":[47,51,20,107],"product_tag":[73],"class_list":{"0":"post-1649","1":"product","2":"type-product","3":"status-publish","4":"has-post-thumbnail","6":"product_brand-masterkidz","7":"product_cat-ciencias","8":"product_cat-juego-de-mesa","9":"product_cat-motricidad-fina","10":"product_cat-puzzles","11":"product_tag-4anos","12":"desktop-align-center","13":"tablet-align-left","14":"mobile-align-left","16":"first","17":"instock","18":"taxable","19":"shipping-taxable","20":"purchasable","21":"product-type-simple"},"jetpack_sharing_enabled":true,"_links":{"self":[{"href":"https:\/\/www.tunkinplay.com\/index.php\/wp-json\/wp\/v2\/product\/1649","targetHints":{"allow":["GET"]}}],"collection":[{"href":"https:\/\/www.tunkinplay.com\/index.php\/wp-json\/wp\/v2\/product"}],"about":[{"href":"https:\/\/www.tunkinplay.com\/index.php\/wp-json\/wp\/v2\/types\/product"}],"wp:featuredmedia":[{"embeddable":true,"href":"https:\/\/www.tunkinplay.com\/index.php\/wp-json\/wp\/v2\/media\/3098"}],"wp:attachment":[{"href":"https:\/\/www.tunkinplay.com\/index.php\/wp-json\/wp\/v2\/media?parent=1649"}],"wp:term":[{"taxonomy":"product_brand","embeddable":true,"href":"https:\/\/www.tunkinplay.com\/index.php\/wp-json\/wp\/v2\/product_brand?post=1649"},{"taxonomy":"product_cat","embeddable":true,"href":"https:\/\/www.tunkinplay.com\/index.php\/wp-json\/wp\/v2\/product_cat?post=1649"},{"taxonomy":"product_tag","embeddable":true,"href":"https:\/\/www.tunkinplay.com\/index.php\/wp-json\/wp\/v2\/product_tag?post=1649"}],"curies":[{"name":"wp","href":"https:\/\/api.w.org\/{rel}","templated":true}]}}